{"id":444,"date":"2019-11-01T10:05:58","date_gmt":"2019-11-01T10:05:58","guid":{"rendered":"http:\/\/demo.athemes.com\/sydney-redesign\/?page_id=444"},"modified":"2025-05-09T12:17:35","modified_gmt":"2025-05-09T12:17:35","slug":"contact","status":"publish","type":"page","link":"https:\/\/luzyfuerzacorrientes.com\/?page_id=444","title":{"rendered":"Contacto"},"content":{"rendered":"<h1>Direcci\u00f3n y tel\u00e9fonos<\/h1>\n<ul>\n<li><u>Calle<\/u>: Uruguay 1302 (esquina Belgrano)<\/li>\n<li><u>C.P.<\/u>: 3400<\/li>\n<li><u>Provincia<\/u>: Corrientes<\/li>\n<li><u>Pa\u00eds<\/u>: Argentina<\/li>\n<\/ul>\n<ul>\n<li><u>Sindicato Albergue: 379-5046588<\/u><\/li>\n<li><u>Obra Social<\/u>: 379-4420509<\/li>\n<li><u>Farmacia<\/u>: 379-4155675<\/li>\n<li><u>Jubilados<\/u>: 379-4428370<\/li>\n<li>Secretar\u00eda de Prensa 379-4740346<\/li>\n<li>Secretar\u00eda del Interior 3777-231841<\/li>\n<\/ul>\n<p><iframe src=\"https:\/\/maps.google.com\/maps?q=Belgrano%201900%2C%20Corrientes&amp;t=m&amp;z=16&amp;output=embed&amp;iwloc=near\" frameborder=\"0\" marginwidth=\"0\" marginheight=\"0\" scrolling=\"no\" aria-label=\"Belgrano 1900, Corrientes\"><\/iframe><\/p>\n","protected":false},"excerpt":{"rendered":"<p>Direcci\u00f3n y tel\u00e9fonos Calle: Uruguay 1302 (esquina Belgrano) C.P.: 3400 Provincia: Corrientes Pa\u00eds: Argentina Sindicato Albergue: 379-5046588 Obra Social: 379-4420509 Farmacia: 379-4155675 [&hellip;]<\/p>\n","protected":false},"author":1,"featured_media":0,"parent":0,"menu_order":0,"comment_status":"closed","ping_status":"closed","template":"page-templates\/page_front-page.php","meta":{"footnotes":""},"class_list":["post-444","page","type-page","status-publish","hentry"],"yoast_head":"<!-- This site is optimized with the Yoast SEO plugin v26.2 - https:\/\/yoast.com\/wordpress\/plugins\/seo\/ -->\n<title>Contacto - Sindicato de Luz y Fuerza<\/title>\n<meta name=\"robots\" content=\"index, follow, max-snippet:-1, max-image-preview:large, max-video-preview:-1\" \/>\n<link rel=\"canonical\" href=\"https:\/\/luzyfuerzacorrientes.com\/?page_id=444\" \/>\n<meta property=\"og:locale\" content=\"es_ES\" \/>\n<meta property=\"og:type\" content=\"article\" \/>\n<meta property=\"og:title\" content=\"Contacto - Sindicato de Luz y Fuerza\" \/>\n<meta property=\"og:description\" content=\"Direcci\u00f3n y tel\u00e9fonos Calle: Uruguay 1302 (esquina Belgrano) C.P.: 3400 Provincia: Corrientes Pa\u00eds: Argentina Sindicato Albergue: 379-5046588 Obra Social: 379-4420509 Farmacia: 379-4155675 [&hellip;]\" \/>\n<meta property=\"og:url\" content=\"https:\/\/luzyfuerzacorrientes.com\/?page_id=444\" \/>\n<meta property=\"og:site_name\" content=\"Sindicato de Luz y Fuerza\" \/>\n<meta property=\"article:modified_time\" content=\"2025-05-09T12:17:35+00:00\" \/>\n<meta name=\"twitter:card\" content=\"summary_large_image\" \/>\n<meta name=\"twitter:label1\" content=\"Tiempo de lectura\" \/>\n\t<meta name=\"twitter:data1\" content=\"1 minuto\" \/>\n<script type=\"application\/ld+json\" class=\"yoast-schema-graph\">{\"@context\":\"https:\/\/schema.org\",\"@graph\":[{\"@type\":\"WebPage\",\"@id\":\"https:\/\/luzyfuerzacorrientes.com\/?page_id=444\",\"url\":\"https:\/\/luzyfuerzacorrientes.com\/?page_id=444\",\"name\":\"Contacto - Sindicato de Luz y Fuerza\",\"isPartOf\":{\"@id\":\"https:\/\/luzyfuerzacorrientes.com\/#website\"},\"datePublished\":\"2019-11-01T10:05:58+00:00\",\"dateModified\":\"2025-05-09T12:17:35+00:00\",\"breadcrumb\":{\"@id\":\"https:\/\/luzyfuerzacorrientes.com\/?page_id=444#breadcrumb\"},\"inLanguage\":\"es\",\"potentialAction\":[{\"@type\":\"ReadAction\",\"target\":[\"https:\/\/luzyfuerzacorrientes.com\/?page_id=444\"]}]},{\"@type\":\"BreadcrumbList\",\"@id\":\"https:\/\/luzyfuerzacorrientes.com\/?page_id=444#breadcrumb\",\"itemListElement\":[{\"@type\":\"ListItem\",\"position\":1,\"name\":\"Portada\",\"item\":\"https:\/\/luzyfuerzacorrientes.com\/\"},{\"@type\":\"ListItem\",\"position\":2,\"name\":\"Contacto\"}]},{\"@type\":\"WebSite\",\"@id\":\"https:\/\/luzyfuerzacorrientes.com\/#website\",\"url\":\"https:\/\/luzyfuerzacorrientes.com\/\",\"name\":\"Sindicato de Luz y Fuerza\",\"description\":\"\",\"potentialAction\":[{\"@type\":\"SearchAction\",\"target\":{\"@type\":\"EntryPoint\",\"urlTemplate\":\"https:\/\/luzyfuerzacorrientes.com\/?s={search_term_string}\"},\"query-input\":{\"@type\":\"PropertyValueSpecification\",\"valueRequired\":true,\"valueName\":\"search_term_string\"}}],\"inLanguage\":\"es\"}]}<\/script>\n<!-- \/ Yoast SEO plugin. -->","yoast_head_json":{"title":"Contacto - Sindicato de Luz y Fuerza","robots":{"index":"index","follow":"follow","max-snippet":"max-snippet:-1","max-image-preview":"max-image-preview:large","max-video-preview":"max-video-preview:-1"},"canonical":"https:\/\/luzyfuerzacorrientes.com\/?page_id=444","og_locale":"es_ES","og_type":"article","og_title":"Contacto - Sindicato de Luz y Fuerza","og_description":"Direcci\u00f3n y tel\u00e9fonos Calle: Uruguay 1302 (esquina Belgrano) C.P.: 3400 Provincia: Corrientes Pa\u00eds: Argentina Sindicato Albergue: 379-5046588 Obra Social: 379-4420509 Farmacia: 379-4155675 [&hellip;]","og_url":"https:\/\/luzyfuerzacorrientes.com\/?page_id=444","og_site_name":"Sindicato de Luz y Fuerza","article_modified_time":"2025-05-09T12:17:35+00:00","twitter_card":"summary_large_image","twitter_misc":{"Tiempo de lectura":"1 minuto"},"schema":{"@context":"https:\/\/schema.org","@graph":[{"@type":"WebPage","@id":"https:\/\/luzyfuerzacorrientes.com\/?page_id=444","url":"https:\/\/luzyfuerzacorrientes.com\/?page_id=444","name":"Contacto - Sindicato de Luz y Fuerza","isPartOf":{"@id":"https:\/\/luzyfuerzacorrientes.com\/#website"},"datePublished":"2019-11-01T10:05:58+00:00","dateModified":"2025-05-09T12:17:35+00:00","breadcrumb":{"@id":"https:\/\/luzyfuerzacorrientes.com\/?page_id=444#breadcrumb"},"inLanguage":"es","potentialAction":[{"@type":"ReadAction","target":["https:\/\/luzyfuerzacorrientes.com\/?page_id=444"]}]},{"@type":"BreadcrumbList","@id":"https:\/\/luzyfuerzacorrientes.com\/?page_id=444#breadcrumb","itemListElement":[{"@type":"ListItem","position":1,"name":"Portada","item":"https:\/\/luzyfuerzacorrientes.com\/"},{"@type":"ListItem","position":2,"name":"Contacto"}]},{"@type":"WebSite","@id":"https:\/\/luzyfuerzacorrientes.com\/#website","url":"https:\/\/luzyfuerzacorrientes.com\/","name":"Sindicato de Luz y Fuerza","description":"","potentialAction":[{"@type":"SearchAction","target":{"@type":"EntryPoint","urlTemplate":"https:\/\/luzyfuerzacorrientes.com\/?s={search_term_string}"},"query-input":{"@type":"PropertyValueSpecification","valueRequired":true,"valueName":"search_term_string"}}],"inLanguage":"es"}]}},"_links":{"self":[{"href":"https:\/\/luzyfuerzacorrientes.com\/index.php?rest_route=\/wp\/v2\/pages\/444","targetHints":{"allow":["GET"]}}],"collection":[{"href":"https:\/\/luzyfuerzacorrientes.com\/index.php?rest_route=\/wp\/v2\/pages"}],"about":[{"href":"https:\/\/luzyfuerzacorrientes.com\/index.php?rest_route=\/wp\/v2\/types\/page"}],"author":[{"embeddable":true,"href":"https:\/\/luzyfuerzacorrientes.com\/index.php?rest_route=\/wp\/v2\/users\/1"}],"replies":[{"embeddable":true,"href":"https:\/\/luzyfuerzacorrientes.com\/index.php?rest_route=%2Fwp%2Fv2%2Fcomments&post=444"}],"version-history":[{"count":10,"href":"https:\/\/luzyfuerzacorrientes.com\/index.php?rest_route=\/wp\/v2\/pages\/444\/revisions"}],"predecessor-version":[{"id":2850,"href":"https:\/\/luzyfuerzacorrientes.com\/index.php?rest_route=\/wp\/v2\/pages\/444\/revisions\/2850"}],"wp:attachment":[{"href":"https:\/\/luzyfuerzacorrientes.com\/index.php?rest_route=%2Fwp%2Fv2%2Fmedia&parent=444"}],"curies":[{"name":"wp","href":"https:\/\/api.w.org\/{rel}","templated":true}]}}