{"id":594,"date":"2020-09-06T01:45:01","date_gmt":"2020-09-06T01:45:01","guid":{"rendered":"http:\/\/luzyfuerzacorrientes.com\/?page_id=594"},"modified":"2023-02-17T11:19:40","modified_gmt":"2023-02-17T11:19:40","slug":"comisiones","status":"publish","type":"page","link":"https:\/\/luzyfuerzacorrientes.com\/?page_id=594","title":{"rendered":"Comisiones"},"content":{"rendered":"\n<p>Comisi\u00f3n Directiva&nbsp;&nbsp;&#8211;&nbsp;&nbsp;&nbsp;Estatuto Social<\/p>\n\n\n\n<figure class=\"wp-block-table\"><table><tbody><tr><td>SECRETARIO GENERAL<\/td><td>ERNESTO DONATO MONTIEL<\/td><\/tr><tr><td>PRO SECRETARIO GENERAL<\/td><td>NORA NOEM\u00cd S\u00c1NCHEZ<\/td><\/tr><tr><td>SECRETARIO GREMIAL<\/td><td>ROLANDO CRISTIAN RAMIREZ CHAIN<\/td><\/tr><tr><td>PRO SECRETARIO GREMIAL 1<\/td><td>GUILLERMO JAVIER MARTINI<\/td><\/tr><tr><td>PRO SECRETARIO GREMIAL 2<\/td><td>JOSE LEANDRO MEZA<\/td><\/tr><tr><td>SECRET. DE ADMINISTRACI\u00d3N Y FINANZAS<\/td><td>VLADIMIR PABLO CUCULIC<\/td><\/tr><tr><td>PRO SECRETARIA DE FINANZAS<\/td><td>\u00c1NGELA MABEL S\u00c1NCHEZ<\/td><\/tr><tr><td>PRO SECRETARIA DE ADMINIS.<\/td><td>RUB\u00c9N ERNESTO C\u00c1CERES<\/td><\/tr><tr><td>SECRE. DE POL\u00cdTICA ENERG\u00c9TICA<\/td><td>RA\u00daL ALBERTO FERN\u00c1NDEZ<\/td><\/tr><tr><td>PRO SECRETAR\u00cdA DE POL\u00cdTICA ENER.<\/td><td>CARLOS HORACIO L\u00d3PEZ ORTIZ<\/td><\/tr><tr><td>SECRETARIO DEL INTERIOR<\/td><td>MARIO RAM\u00d3N PANNUNZIO<\/td><\/tr><tr><td>PRO SECRETAR\u00cdA DEL INTERIOR<\/td><td>MARCELO FABI\u00c1N NU\u00d1EZ<\/td><\/tr><tr><td>SECRET. DE SEVICIO SOCIALES<\/td><td>OSCAR GALEANO<\/td><\/tr><tr><td>PRO SECRET. DE SERV. SOCIALES<\/td><td>JOSE OMAR SOLIS<\/td><\/tr><tr><td>SECRETAR\u00cdA DE PRENSA<\/td><td>SATORU LUCAS SHINDOI<\/td><\/tr><tr><td>PRO SECRETAR\u00cdA DE PRENSA<\/td><td>LORENA MAY CURI<\/td><\/tr><tr><td>SECRET. DE PREV. SOCIAL Y ACTAS<\/td><td>PAULINO ACOSTA<\/td><\/tr><tr><td>PRO SECRET. PREV. SOCIAL Y ACTAS<\/td><td>LAURA NOEM\u00cd CORNEJO<\/td><\/tr><tr><td>SECRETAR\u00cdA DE VIVIENDA Y OBRAS<\/td><td>LUCRECIA BEN\u00cdTEZ<\/td><\/tr><tr><td>PRO SECRETAR\u00cdA DE VIV. Y OBRAS<\/td><td>FACUNDO ENCINA<\/td><\/tr><tr><td>SECRET. DE TURISMO Y ACCION SOC.<\/td><td>WALTER LEIVA<\/td><\/tr><tr><td>PRO SECRET. DE TURIS. Y ACC. SOC.<\/td><td>GUILLERMO MOLINA<\/td><\/tr><tr><td>SECRETAR\u00cdA DE DEPORTE<\/td><td>PABLO MUZZIO<\/td><\/tr><tr><td>PRO SECRETAR\u00cdA DE DEPORTE<\/td><td>PEDRO GERARDO G\u00d3MEZ<\/td><\/tr><tr><td>SECRET. DE LA MUJER Y LA FAMILIA<\/td><td>MAR\u00cdA JOS\u00c9 G\u00d3MEZ VIANA<\/td><\/tr><tr><td>PRO SECRET. DE LA MUJER Y LA FAM.<\/td><td>ROMINA PAOLA QUINTERO<\/td><\/tr><tr><td>SECRETAR\u00cdA DE LA JUVENTUD<\/td><td>CRISTIAN AZULA<\/td><\/tr><tr><td>PRO SECRETAR\u00cdA DE LA JUVENTUD<\/td><td>JULI\u00c1N RODRIGO AGUIRRE<\/td><\/tr><tr><td>VOCAL TITULAR 1\u00b0<\/td><td>V\u00cdCTOR HUGO ARR\u00daA<\/td><\/tr><tr><td>VOCAL TITULAR 2\u00b0<\/td><td>DANIEL EDUARDO SEGOVIA<\/td><\/tr><tr><td>VOCAL TITULAR 3\u00b0<\/td><td>N\u00c9STOR ROBERTO FERNANDEZ<\/td><\/tr><tr><td>VOCAL TITULAR 4\u00b0<\/td><td>RAM\u00d3N FIGUEIRA<\/td><\/tr><tr><td>VOCAL TITULAR 5\u00b0<\/td><td>MAURICIO GONZ\u00c1LEZ<\/td><\/tr><tr><td>VOCAL TITULAR 6\u00b0<\/td><td>LUIS ALBERTO MOREYRA<\/td><\/tr><tr><td>VOCAL TITULAR 7\u00b0<\/td><td>NELSON RODRIGUEZ<\/td><\/tr><tr><td>VOCAL TITULAR 8\u00b0<\/td><td>MILTON YATCHESEN<\/td><\/tr><tr><td>VOCAL SUPLENTE 1\u00b0<\/td><td>RODOLFO GUELARDI<\/td><\/tr><tr><td>VOCAL SUPLENTE 2\u00b0<\/td><td>MIGUEL ANGEL CA\u00d1ETE<\/td><\/tr><tr><td>VOCAL SUPLENTE 3\u00b0<\/td><td>CRISTIAN EXEQUIEL D\u00cdAZ<\/td><\/tr><tr><td>VOCAL SUPLENTE 4\u00b0<\/td><td>DANIEL ALEJANDRO LEZCANO<\/td><\/tr><\/tbody><\/table><\/figure>\n\n\n\n<p class=\"has-text-align-center\">COMISI\u00d3N REVISORA DE CUENTAS <\/p>\n\n\n\n<figure class=\"wp-block-table\"><table><tbody><tr><td>MIEMBRO TITULAR 1<\/td><td>FELIX ARIEL FALCON<\/td><\/tr><tr><td>MIEMBRO TITULAR 2<\/td><td>JULIO ALEJANDRO B\u00c1EZ<\/td><\/tr><tr><td>MIEMBRO TITULAR 3<\/td><td>NORMA BEATRIZ AGUIRRE<\/td><\/tr><tr><td>MIEMBRO SUPLENTE 1<\/td><td>MARCELO CENA<\/td><\/tr><tr><td>MIEMBRO SUPLENTE 2<\/td><td>ALBERTO GRIOLIO<\/td><\/tr><tr><td>MIEMBRO SUPLENTE 3<\/td><td> CRISTIAN LUIS GILARDI<\/td><\/tr><\/tbody><\/table><\/figure>\n\n\n\n<div class=\"wp-block-image\"><figure class=\"aligncenter size-large is-resized\"><img decoding=\"async\" src=\"https:\/\/luzyfuerzacorrientes.com\/wp-content\/uploads\/2020\/09\/nuevo-logo.png\" alt=\"\" class=\"wp-image-576\" width=\"151\" height=\"151\" srcset=\"https:\/\/luzyfuerzacorrientes.com\/wp-content\/uploads\/2020\/09\/nuevo-logo.png 400w, https:\/\/luzyfuerzacorrientes.com\/wp-content\/uploads\/2020\/09\/nuevo-logo-300x300.png 300w, https:\/\/luzyfuerzacorrientes.com\/wp-content\/uploads\/2020\/09\/nuevo-logo-150x150.png 150w, https:\/\/luzyfuerzacorrientes.com\/wp-content\/uploads\/2020\/09\/nuevo-logo-230x230.png 230w, https:\/\/luzyfuerzacorrientes.com\/wp-content\/uploads\/2020\/09\/nuevo-logo-350x350.png 350w\" sizes=\"(max-width: 151px) 100vw, 151px\" \/><\/figure><\/div>\n","protected":false},"excerpt":{"rendered":"<p>Comisi\u00f3n Directiva&nbsp;&nbsp;&#8211;&nbsp;&nbsp;&nbsp;Estatuto Social SECRETARIO GENERAL ERNESTO DONATO MONTIEL PRO SECRETARIO GENERAL NORA NOEM\u00cd S\u00c1NCHEZ SECRETARIO GREMIAL ROLANDO CRISTIAN RAMIREZ CHAIN PRO SECRETARIO [&hellip;]<\/p>\n","protected":false},"author":1,"featured_media":0,"parent":0,"menu_order":0,"comment_status":"closed","ping_status":"closed","template":"page-templates\/page_fullwidth.php","meta":{"footnotes":""},"class_list":["post-594","page","type-page","status-publish","hentry"],"yoast_head":"<!-- This site is optimized with the Yoast SEO plugin v26.2 - https:\/\/yoast.com\/wordpress\/plugins\/seo\/ -->\n<title>Comisiones - Sindicato de Luz y Fuerza<\/title>\n<meta name=\"robots\" content=\"index, follow, max-snippet:-1, max-image-preview:large, max-video-preview:-1\" \/>\n<link rel=\"canonical\" href=\"https:\/\/luzyfuerzacorrientes.com\/?page_id=594\" \/>\n<meta property=\"og:locale\" content=\"es_ES\" \/>\n<meta property=\"og:type\" content=\"article\" \/>\n<meta property=\"og:title\" content=\"Comisiones - Sindicato de Luz y Fuerza\" \/>\n<meta property=\"og:description\" content=\"Comisi\u00f3n Directiva&nbsp;&nbsp;&#8211;&nbsp;&nbsp;&nbsp;Estatuto Social SECRETARIO GENERAL ERNESTO DONATO MONTIEL PRO SECRETARIO GENERAL NORA NOEM\u00cd S\u00c1NCHEZ SECRETARIO GREMIAL ROLANDO CRISTIAN RAMIREZ CHAIN PRO SECRETARIO [&hellip;]\" \/>\n<meta property=\"og:url\" content=\"https:\/\/luzyfuerzacorrientes.com\/?page_id=594\" \/>\n<meta property=\"og:site_name\" content=\"Sindicato de Luz y Fuerza\" \/>\n<meta property=\"article:modified_time\" content=\"2023-02-17T11:19:40+00:00\" \/>\n<meta property=\"og:image\" content=\"http:\/\/luzyfuerzacorrientes.com\/wp-content\/uploads\/2020\/09\/nuevo-logo.png\" \/>\n<meta name=\"twitter:card\" content=\"summary_large_image\" \/>\n<meta name=\"twitter:label1\" content=\"Tiempo de lectura\" \/>\n\t<meta name=\"twitter:data1\" content=\"2 minutos\" \/>\n<script type=\"application\/ld+json\" class=\"yoast-schema-graph\">{\"@context\":\"https:\/\/schema.org\",\"@graph\":[{\"@type\":\"WebPage\",\"@id\":\"https:\/\/luzyfuerzacorrientes.com\/?page_id=594\",\"url\":\"https:\/\/luzyfuerzacorrientes.com\/?page_id=594\",\"name\":\"Comisiones - Sindicato de Luz y Fuerza\",\"isPartOf\":{\"@id\":\"https:\/\/luzyfuerzacorrientes.com\/#website\"},\"primaryImageOfPage\":{\"@id\":\"https:\/\/luzyfuerzacorrientes.com\/?page_id=594#primaryimage\"},\"image\":{\"@id\":\"https:\/\/luzyfuerzacorrientes.com\/?page_id=594#primaryimage\"},\"thumbnailUrl\":\"http:\/\/luzyfuerzacorrientes.com\/wp-content\/uploads\/2020\/09\/nuevo-logo.png\",\"datePublished\":\"2020-09-06T01:45:01+00:00\",\"dateModified\":\"2023-02-17T11:19:40+00:00\",\"breadcrumb\":{\"@id\":\"https:\/\/luzyfuerzacorrientes.com\/?page_id=594#breadcrumb\"},\"inLanguage\":\"es\",\"potentialAction\":[{\"@type\":\"ReadAction\",\"target\":[\"https:\/\/luzyfuerzacorrientes.com\/?page_id=594\"]}]},{\"@type\":\"ImageObject\",\"inLanguage\":\"es\",\"@id\":\"https:\/\/luzyfuerzacorrientes.com\/?page_id=594#primaryimage\",\"url\":\"https:\/\/luzyfuerzacorrientes.com\/wp-content\/uploads\/2020\/09\/nuevo-logo.png\",\"contentUrl\":\"https:\/\/luzyfuerzacorrientes.com\/wp-content\/uploads\/2020\/09\/nuevo-logo.png\",\"width\":400,\"height\":400},{\"@type\":\"BreadcrumbList\",\"@id\":\"https:\/\/luzyfuerzacorrientes.com\/?page_id=594#breadcrumb\",\"itemListElement\":[{\"@type\":\"ListItem\",\"position\":1,\"name\":\"Portada\",\"item\":\"https:\/\/luzyfuerzacorrientes.com\/\"},{\"@type\":\"ListItem\",\"position\":2,\"name\":\"Comisiones\"}]},{\"@type\":\"WebSite\",\"@id\":\"https:\/\/luzyfuerzacorrientes.com\/#website\",\"url\":\"https:\/\/luzyfuerzacorrientes.com\/\",\"name\":\"Sindicato de Luz y Fuerza\",\"description\":\"\",\"potentialAction\":[{\"@type\":\"SearchAction\",\"target\":{\"@type\":\"EntryPoint\",\"urlTemplate\":\"https:\/\/luzyfuerzacorrientes.com\/?s={search_term_string}\"},\"query-input\":{\"@type\":\"PropertyValueSpecification\",\"valueRequired\":true,\"valueName\":\"search_term_string\"}}],\"inLanguage\":\"es\"}]}<\/script>\n<!-- \/ Yoast SEO plugin. -->","yoast_head_json":{"title":"Comisiones - Sindicato de Luz y Fuerza","robots":{"index":"index","follow":"follow","max-snippet":"max-snippet:-1","max-image-preview":"max-image-preview:large","max-video-preview":"max-video-preview:-1"},"canonical":"https:\/\/luzyfuerzacorrientes.com\/?page_id=594","og_locale":"es_ES","og_type":"article","og_title":"Comisiones - Sindicato de Luz y Fuerza","og_description":"Comisi\u00f3n Directiva&nbsp;&nbsp;&#8211;&nbsp;&nbsp;&nbsp;Estatuto Social SECRETARIO GENERAL ERNESTO DONATO MONTIEL PRO SECRETARIO GENERAL NORA NOEM\u00cd S\u00c1NCHEZ SECRETARIO GREMIAL ROLANDO CRISTIAN RAMIREZ CHAIN PRO SECRETARIO [&hellip;]","og_url":"https:\/\/luzyfuerzacorrientes.com\/?page_id=594","og_site_name":"Sindicato de Luz y Fuerza","article_modified_time":"2023-02-17T11:19:40+00:00","og_image":[{"url":"http:\/\/luzyfuerzacorrientes.com\/wp-content\/uploads\/2020\/09\/nuevo-logo.png","type":"","width":"","height":""}],"twitter_card":"summary_large_image","twitter_misc":{"Tiempo de lectura":"2 minutos"},"schema":{"@context":"https:\/\/schema.org","@graph":[{"@type":"WebPage","@id":"https:\/\/luzyfuerzacorrientes.com\/?page_id=594","url":"https:\/\/luzyfuerzacorrientes.com\/?page_id=594","name":"Comisiones - Sindicato de Luz y Fuerza","isPartOf":{"@id":"https:\/\/luzyfuerzacorrientes.com\/#website"},"primaryImageOfPage":{"@id":"https:\/\/luzyfuerzacorrientes.com\/?page_id=594#primaryimage"},"image":{"@id":"https:\/\/luzyfuerzacorrientes.com\/?page_id=594#primaryimage"},"thumbnailUrl":"http:\/\/luzyfuerzacorrientes.com\/wp-content\/uploads\/2020\/09\/nuevo-logo.png","datePublished":"2020-09-06T01:45:01+00:00","dateModified":"2023-02-17T11:19:40+00:00","breadcrumb":{"@id":"https:\/\/luzyfuerzacorrientes.com\/?page_id=594#breadcrumb"},"inLanguage":"es","potentialAction":[{"@type":"ReadAction","target":["https:\/\/luzyfuerzacorrientes.com\/?page_id=594"]}]},{"@type":"ImageObject","inLanguage":"es","@id":"https:\/\/luzyfuerzacorrientes.com\/?page_id=594#primaryimage","url":"https:\/\/luzyfuerzacorrientes.com\/wp-content\/uploads\/2020\/09\/nuevo-logo.png","contentUrl":"https:\/\/luzyfuerzacorrientes.com\/wp-content\/uploads\/2020\/09\/nuevo-logo.png","width":400,"height":400},{"@type":"BreadcrumbList","@id":"https:\/\/luzyfuerzacorrientes.com\/?page_id=594#breadcrumb","itemListElement":[{"@type":"ListItem","position":1,"name":"Portada","item":"https:\/\/luzyfuerzacorrientes.com\/"},{"@type":"ListItem","position":2,"name":"Comisiones"}]},{"@type":"WebSite","@id":"https:\/\/luzyfuerzacorrientes.com\/#website","url":"https:\/\/luzyfuerzacorrientes.com\/","name":"Sindicato de Luz y Fuerza","description":"","potentialAction":[{"@type":"SearchAction","target":{"@type":"EntryPoint","urlTemplate":"https:\/\/luzyfuerzacorrientes.com\/?s={search_term_string}"},"query-input":{"@type":"PropertyValueSpecification","valueRequired":true,"valueName":"search_term_string"}}],"inLanguage":"es"}]}},"_links":{"self":[{"href":"https:\/\/luzyfuerzacorrientes.com\/index.php?rest_route=\/wp\/v2\/pages\/594","targetHints":{"allow":["GET"]}}],"collection":[{"href":"https:\/\/luzyfuerzacorrientes.com\/index.php?rest_route=\/wp\/v2\/pages"}],"about":[{"href":"https:\/\/luzyfuerzacorrientes.com\/index.php?rest_route=\/wp\/v2\/types\/page"}],"author":[{"embeddable":true,"href":"https:\/\/luzyfuerzacorrientes.com\/index.php?rest_route=\/wp\/v2\/users\/1"}],"replies":[{"embeddable":true,"href":"https:\/\/luzyfuerzacorrientes.com\/index.php?rest_route=%2Fwp%2Fv2%2Fcomments&post=594"}],"version-history":[{"count":7,"href":"https:\/\/luzyfuerzacorrientes.com\/index.php?rest_route=\/wp\/v2\/pages\/594\/revisions"}],"predecessor-version":[{"id":1809,"href":"https:\/\/luzyfuerzacorrientes.com\/index.php?rest_route=\/wp\/v2\/pages\/594\/revisions\/1809"}],"wp:attachment":[{"href":"https:\/\/luzyfuerzacorrientes.com\/index.php?rest_route=%2Fwp%2Fv2%2Fmedia&parent=594"}],"curies":[{"name":"wp","href":"https:\/\/api.w.org\/{rel}","templated":true}]}}