{"id":677,"date":"2020-09-15T02:44:53","date_gmt":"2020-09-15T02:44:53","guid":{"rendered":"http:\/\/luzyfuerzacorrientes.com\/?page_id=677"},"modified":"2020-09-15T03:35:22","modified_gmt":"2020-09-15T03:35:22","slug":"prestaciones-medicas","status":"publish","type":"page","link":"https:\/\/luzyfuerzacorrientes.com\/?page_id=677","title":{"rendered":"Prestaciones m\u00e9dicas"},"content":{"rendered":"\t\t<div data-elementor-type=\"wp-page\" data-elementor-id=\"677\" class=\"elementor elementor-677\">\n\t\t\t\t\t\t<section class=\"elementor-section elementor-top-section elementor-element elementor-element-7a75387 elementor-section-boxed elementor-section-height-default elementor-section-height-default\" data-id=\"7a75387\" data-element_type=\"section\">\n\t\t\t\t\t\t<div class=\"elementor-container elementor-column-gap-default\">\n\t\t\t\t\t<div class=\"elementor-column elementor-col-33 elementor-top-column elementor-element elementor-element-ce35887\" data-id=\"ce35887\" data-element_type=\"column\">\n\t\t\t<div class=\"elementor-widget-wrap elementor-element-populated\">\n\t\t\t\t\t\t<div class=\"elementor-element elementor-element-f43595c elementor-widget elementor-widget-image\" data-id=\"f43595c\" data-element_type=\"widget\" data-widget_type=\"image.default\">\n\t\t\t\t<div class=\"elementor-widget-container\">\n\t\t\t\t\t\t\t\t\t\t\t\t\t\t\t<img fetchpriority=\"high\" decoding=\"async\" width=\"1024\" height=\"683\" src=\"https:\/\/luzyfuerzacorrientes.com\/wp-content\/uploads\/2020\/09\/IMG_4384-1024x683.jpg\" class=\"attachment-large size-large wp-image-681\" alt=\"\" srcset=\"https:\/\/luzyfuerzacorrientes.com\/wp-content\/uploads\/2020\/09\/IMG_4384-1024x683.jpg 1024w, https:\/\/luzyfuerzacorrientes.com\/wp-content\/uploads\/2020\/09\/IMG_4384-300x200.jpg 300w, https:\/\/luzyfuerzacorrientes.com\/wp-content\/uploads\/2020\/09\/IMG_4384-768x512.jpg 768w, https:\/\/luzyfuerzacorrientes.com\/wp-content\/uploads\/2020\/09\/IMG_4384-1536x1024.jpg 1536w, https:\/\/luzyfuerzacorrientes.com\/wp-content\/uploads\/2020\/09\/IMG_4384-2048x1366.jpg 2048w, https:\/\/luzyfuerzacorrientes.com\/wp-content\/uploads\/2020\/09\/IMG_4384-830x553.jpg 830w, https:\/\/luzyfuerzacorrientes.com\/wp-content\/uploads\/2020\/09\/IMG_4384-230x153.jpg 230w, https:\/\/luzyfuerzacorrientes.com\/wp-content\/uploads\/2020\/09\/IMG_4384-350x233.jpg 350w, https:\/\/luzyfuerzacorrientes.com\/wp-content\/uploads\/2020\/09\/IMG_4384-480x320.jpg 480w\" sizes=\"(max-width: 1024px) 100vw, 1024px\" \/>\t\t\t\t\t\t\t\t\t\t\t\t\t\t\t<\/div>\n\t\t\t\t<\/div>\n\t\t\t\t<div class=\"elementor-element elementor-element-ea89076 elementor-widget elementor-widget-heading\" data-id=\"ea89076\" data-element_type=\"widget\" data-widget_type=\"heading.default\">\n\t\t\t\t<div class=\"elementor-widget-container\">\n\t\t\t\t\t<h2 class=\"elementor-heading-title elementor-size-default\">Laboratorio <\/h2>\t\t\t\t<\/div>\n\t\t\t\t<\/div>\n\t\t\t\t\t<\/div>\n\t\t<\/div>\n\t\t\t\t<div class=\"elementor-column elementor-col-33 elementor-top-column elementor-element elementor-element-608d311\" data-id=\"608d311\" data-element_type=\"column\">\n\t\t\t<div class=\"elementor-widget-wrap elementor-element-populated\">\n\t\t\t\t\t\t<div class=\"elementor-element elementor-element-b147822 elementor-widget elementor-widget-image\" data-id=\"b147822\" data-element_type=\"widget\" data-widget_type=\"image.default\">\n\t\t\t\t<div class=\"elementor-widget-container\">\n\t\t\t\t\t\t\t\t\t\t\t\t\t\t\t<img decoding=\"async\" width=\"1024\" height=\"683\" src=\"https:\/\/luzyfuerzacorrientes.com\/wp-content\/uploads\/2020\/09\/Sindicato-de-luz-y-fuerza--1024x683.png\" class=\"attachment-large size-large wp-image-684\" alt=\"\" srcset=\"https:\/\/luzyfuerzacorrientes.com\/wp-content\/uploads\/2020\/09\/Sindicato-de-luz-y-fuerza--1024x683.png 1024w, https:\/\/luzyfuerzacorrientes.com\/wp-content\/uploads\/2020\/09\/Sindicato-de-luz-y-fuerza--300x200.png 300w, https:\/\/luzyfuerzacorrientes.com\/wp-content\/uploads\/2020\/09\/Sindicato-de-luz-y-fuerza--768x512.png 768w, https:\/\/luzyfuerzacorrientes.com\/wp-content\/uploads\/2020\/09\/Sindicato-de-luz-y-fuerza--1536x1024.png 1536w, https:\/\/luzyfuerzacorrientes.com\/wp-content\/uploads\/2020\/09\/Sindicato-de-luz-y-fuerza--2048x1366.png 2048w, https:\/\/luzyfuerzacorrientes.com\/wp-content\/uploads\/2020\/09\/Sindicato-de-luz-y-fuerza--830x553.png 830w, https:\/\/luzyfuerzacorrientes.com\/wp-content\/uploads\/2020\/09\/Sindicato-de-luz-y-fuerza--230x153.png 230w, https:\/\/luzyfuerzacorrientes.com\/wp-content\/uploads\/2020\/09\/Sindicato-de-luz-y-fuerza--350x233.png 350w, https:\/\/luzyfuerzacorrientes.com\/wp-content\/uploads\/2020\/09\/Sindicato-de-luz-y-fuerza--480x320.png 480w\" sizes=\"(max-width: 1024px) 100vw, 1024px\" \/>\t\t\t\t\t\t\t\t\t\t\t\t\t\t\t<\/div>\n\t\t\t\t<\/div>\n\t\t\t\t<div class=\"elementor-element elementor-element-4ee88b8 elementor-widget elementor-widget-heading\" data-id=\"4ee88b8\" data-element_type=\"widget\" data-widget_type=\"heading.default\">\n\t\t\t\t<div class=\"elementor-widget-container\">\n\t\t\t\t\t<h2 class=\"elementor-heading-title elementor-size-default\">Odontolog\u00eda<\/h2>\t\t\t\t<\/div>\n\t\t\t\t<\/div>\n\t\t\t\t\t<\/div>\n\t\t<\/div>\n\t\t\t\t<div class=\"elementor-column elementor-col-33 elementor-top-column elementor-element elementor-element-95fbefa\" data-id=\"95fbefa\" data-element_type=\"column\">\n\t\t\t<div class=\"elementor-widget-wrap elementor-element-populated\">\n\t\t\t\t\t\t<div class=\"elementor-element elementor-element-263c20d elementor-widget elementor-widget-image\" data-id=\"263c20d\" data-element_type=\"widget\" data-widget_type=\"image.default\">\n\t\t\t\t<div class=\"elementor-widget-container\">\n\t\t\t\t\t\t\t\t\t\t\t\t\t\t\t<img decoding=\"async\" width=\"1024\" height=\"683\" src=\"https:\/\/luzyfuerzacorrientes.com\/wp-content\/uploads\/2020\/09\/IMG_4331-1024x683.jpg\" class=\"attachment-large size-large wp-image-685\" alt=\"\" srcset=\"https:\/\/luzyfuerzacorrientes.com\/wp-content\/uploads\/2020\/09\/IMG_4331-1024x683.jpg 1024w, https:\/\/luzyfuerzacorrientes.com\/wp-content\/uploads\/2020\/09\/IMG_4331-300x200.jpg 300w, https:\/\/luzyfuerzacorrientes.com\/wp-content\/uploads\/2020\/09\/IMG_4331-768x512.jpg 768w, https:\/\/luzyfuerzacorrientes.com\/wp-content\/uploads\/2020\/09\/IMG_4331-1536x1024.jpg 1536w, https:\/\/luzyfuerzacorrientes.com\/wp-content\/uploads\/2020\/09\/IMG_4331-2048x1365.jpg 2048w, https:\/\/luzyfuerzacorrientes.com\/wp-content\/uploads\/2020\/09\/IMG_4331-830x553.jpg 830w, https:\/\/luzyfuerzacorrientes.com\/wp-content\/uploads\/2020\/09\/IMG_4331-230x153.jpg 230w, https:\/\/luzyfuerzacorrientes.com\/wp-content\/uploads\/2020\/09\/IMG_4331-350x233.jpg 350w, https:\/\/luzyfuerzacorrientes.com\/wp-content\/uploads\/2020\/09\/IMG_4331-480x320.jpg 480w\" sizes=\"(max-width: 1024px) 100vw, 1024px\" \/>\t\t\t\t\t\t\t\t\t\t\t\t\t\t\t<\/div>\n\t\t\t\t<\/div>\n\t\t\t\t<div class=\"elementor-element elementor-element-b0aa998 elementor-widget elementor-widget-heading\" data-id=\"b0aa998\" data-element_type=\"widget\" data-widget_type=\"heading.default\">\n\t\t\t\t<div class=\"elementor-widget-container\">\n\t\t\t\t\t<h2 class=\"elementor-heading-title elementor-size-default\">Medico Cl\u00ednico <\/h2>\t\t\t\t<\/div>\n\t\t\t\t<\/div>\n\t\t\t\t\t<\/div>\n\t\t<\/div>\n\t\t\t\t\t<\/div>\n\t\t<\/section>\n\t\t\t\t<section class=\"elementor-section elementor-top-section elementor-element elementor-element-a1c9c4a elementor-section-boxed elementor-section-height-default elementor-section-height-default\" data-id=\"a1c9c4a\" data-element_type=\"section\">\n\t\t\t\t\t\t<div class=\"elementor-container elementor-column-gap-default\">\n\t\t\t\t\t<div class=\"elementor-column elementor-col-33 elementor-top-column elementor-element elementor-element-e1a33ab\" data-id=\"e1a33ab\" data-element_type=\"column\">\n\t\t\t<div class=\"elementor-widget-wrap elementor-element-populated\">\n\t\t\t\t\t\t<div class=\"elementor-element elementor-element-162f4f6 elementor-widget elementor-widget-image\" data-id=\"162f4f6\" data-element_type=\"widget\" data-widget_type=\"image.default\">\n\t\t\t\t<div class=\"elementor-widget-container\">\n\t\t\t\t\t\t\t\t\t\t\t\t\t\t\t<img loading=\"lazy\" decoding=\"async\" width=\"1024\" height=\"683\" src=\"https:\/\/luzyfuerzacorrientes.com\/wp-content\/uploads\/2020\/09\/IMG_4338-1024x683.jpg\" class=\"attachment-large size-large wp-image-686\" alt=\"\" srcset=\"https:\/\/luzyfuerzacorrientes.com\/wp-content\/uploads\/2020\/09\/IMG_4338-1024x683.jpg 1024w, https:\/\/luzyfuerzacorrientes.com\/wp-content\/uploads\/2020\/09\/IMG_4338-300x200.jpg 300w, https:\/\/luzyfuerzacorrientes.com\/wp-content\/uploads\/2020\/09\/IMG_4338-768x512.jpg 768w, https:\/\/luzyfuerzacorrientes.com\/wp-content\/uploads\/2020\/09\/IMG_4338-1536x1024.jpg 1536w, https:\/\/luzyfuerzacorrientes.com\/wp-content\/uploads\/2020\/09\/IMG_4338-2048x1365.jpg 2048w, https:\/\/luzyfuerzacorrientes.com\/wp-content\/uploads\/2020\/09\/IMG_4338-830x553.jpg 830w, https:\/\/luzyfuerzacorrientes.com\/wp-content\/uploads\/2020\/09\/IMG_4338-230x153.jpg 230w, https:\/\/luzyfuerzacorrientes.com\/wp-content\/uploads\/2020\/09\/IMG_4338-350x233.jpg 350w, https:\/\/luzyfuerzacorrientes.com\/wp-content\/uploads\/2020\/09\/IMG_4338-480x320.jpg 480w\" sizes=\"(max-width: 1024px) 100vw, 1024px\" \/>\t\t\t\t\t\t\t\t\t\t\t\t\t\t\t<\/div>\n\t\t\t\t<\/div>\n\t\t\t\t<div class=\"elementor-element elementor-element-cfc4626 elementor-widget elementor-widget-heading\" data-id=\"cfc4626\" data-element_type=\"widget\" data-widget_type=\"heading.default\">\n\t\t\t\t<div class=\"elementor-widget-container\">\n\t\t\t\t\t<h2 class=\"elementor-heading-title elementor-size-default\">Kinesiolog\u00eda <\/h2>\t\t\t\t<\/div>\n\t\t\t\t<\/div>\n\t\t\t\t\t<\/div>\n\t\t<\/div>\n\t\t\t\t<div class=\"elementor-column elementor-col-33 elementor-top-column elementor-element elementor-element-2a57199\" data-id=\"2a57199\" data-element_type=\"column\">\n\t\t\t<div class=\"elementor-widget-wrap elementor-element-populated\">\n\t\t\t\t\t\t<div class=\"elementor-element elementor-element-67cf9c7 elementor-widget elementor-widget-image\" data-id=\"67cf9c7\" data-element_type=\"widget\" data-widget_type=\"image.default\">\n\t\t\t\t<div class=\"elementor-widget-container\">\n\t\t\t\t\t\t\t\t\t\t\t\t\t\t\t<img loading=\"lazy\" decoding=\"async\" width=\"1024\" height=\"683\" src=\"https:\/\/luzyfuerzacorrientes.com\/wp-content\/uploads\/2020\/09\/IMG_4322-1024x683.jpg\" class=\"attachment-large size-large wp-image-687\" alt=\"\" srcset=\"https:\/\/luzyfuerzacorrientes.com\/wp-content\/uploads\/2020\/09\/IMG_4322-1024x683.jpg 1024w, https:\/\/luzyfuerzacorrientes.com\/wp-content\/uploads\/2020\/09\/IMG_4322-300x200.jpg 300w, https:\/\/luzyfuerzacorrientes.com\/wp-content\/uploads\/2020\/09\/IMG_4322-768x512.jpg 768w, https:\/\/luzyfuerzacorrientes.com\/wp-content\/uploads\/2020\/09\/IMG_4322-1536x1024.jpg 1536w, https:\/\/luzyfuerzacorrientes.com\/wp-content\/uploads\/2020\/09\/IMG_4322-2048x1365.jpg 2048w, https:\/\/luzyfuerzacorrientes.com\/wp-content\/uploads\/2020\/09\/IMG_4322-830x553.jpg 830w, https:\/\/luzyfuerzacorrientes.com\/wp-content\/uploads\/2020\/09\/IMG_4322-230x153.jpg 230w, https:\/\/luzyfuerzacorrientes.com\/wp-content\/uploads\/2020\/09\/IMG_4322-350x233.jpg 350w, https:\/\/luzyfuerzacorrientes.com\/wp-content\/uploads\/2020\/09\/IMG_4322-480x320.jpg 480w\" sizes=\"(max-width: 1024px) 100vw, 1024px\" \/>\t\t\t\t\t\t\t\t\t\t\t\t\t\t\t<\/div>\n\t\t\t\t<\/div>\n\t\t\t\t<div class=\"elementor-element elementor-element-7fee237 elementor-widget elementor-widget-heading\" data-id=\"7fee237\" data-element_type=\"widget\" data-widget_type=\"heading.default\">\n\t\t\t\t<div class=\"elementor-widget-container\">\n\t\t\t\t\t<h2 class=\"elementor-heading-title elementor-size-default\">Psicolog\u00eda y Psiquiatria<\/h2>\t\t\t\t<\/div>\n\t\t\t\t<\/div>\n\t\t\t\t\t<\/div>\n\t\t<\/div>\n\t\t\t\t<div class=\"elementor-column elementor-col-33 elementor-top-column elementor-element elementor-element-03e6fc8\" data-id=\"03e6fc8\" data-element_type=\"column\">\n\t\t\t<div class=\"elementor-widget-wrap\">\n\t\t\t\t\t\t\t<\/div>\n\t\t<\/div>\n\t\t\t\t\t<\/div>\n\t\t<\/section>\n\t\t\t\t<\/div>\n\t\t","protected":false},"excerpt":{"rendered":"<p>Laboratorio Odontolog\u00eda Medico Cl\u00ednico Kinesiolog\u00eda Psicolog\u00eda y Psiquiatria<\/p>\n","protected":false},"author":1,"featured_media":0,"parent":0,"menu_order":0,"comment_status":"closed","ping_status":"closed","template":"page-templates\/page_fullwidth.php","meta":{"footnotes":""},"class_list":["post-677","page","type-page","status-publish","hentry"],"yoast_head":"<!-- This site is optimized with the Yoast SEO plugin v26.2 - https:\/\/yoast.com\/wordpress\/plugins\/seo\/ -->\n<title>Prestaciones m\u00e9dicas - Sindicato de Luz y Fuerza<\/title>\n<meta name=\"robots\" content=\"index, follow, max-snippet:-1, max-image-preview:large, max-video-preview:-1\" \/>\n<link rel=\"canonical\" href=\"https:\/\/luzyfuerzacorrientes.com\/?page_id=677\" \/>\n<meta property=\"og:locale\" content=\"es_ES\" \/>\n<meta property=\"og:type\" content=\"article\" \/>\n<meta property=\"og:title\" content=\"Prestaciones m\u00e9dicas - Sindicato de Luz y Fuerza\" \/>\n<meta property=\"og:description\" content=\"Laboratorio Odontolog\u00eda Medico Cl\u00ednico Kinesiolog\u00eda Psicolog\u00eda y Psiquiatria\" \/>\n<meta property=\"og:url\" content=\"https:\/\/luzyfuerzacorrientes.com\/?page_id=677\" \/>\n<meta property=\"og:site_name\" content=\"Sindicato de Luz y Fuerza\" \/>\n<meta property=\"article:modified_time\" content=\"2020-09-15T03:35:22+00:00\" \/>\n<meta property=\"og:image\" content=\"http:\/\/luzyfuerzacorrientes.com\/wp-content\/uploads\/2020\/09\/IMG_4384-1024x683.jpg\" \/>\n<meta name=\"twitter:card\" content=\"summary_large_image\" \/>\n<script type=\"application\/ld+json\" class=\"yoast-schema-graph\">{\"@context\":\"https:\/\/schema.org\",\"@graph\":[{\"@type\":\"WebPage\",\"@id\":\"https:\/\/luzyfuerzacorrientes.com\/?page_id=677\",\"url\":\"https:\/\/luzyfuerzacorrientes.com\/?page_id=677\",\"name\":\"Prestaciones m\u00e9dicas - Sindicato de Luz y Fuerza\",\"isPartOf\":{\"@id\":\"https:\/\/luzyfuerzacorrientes.com\/#website\"},\"primaryImageOfPage\":{\"@id\":\"https:\/\/luzyfuerzacorrientes.com\/?page_id=677#primaryimage\"},\"image\":{\"@id\":\"https:\/\/luzyfuerzacorrientes.com\/?page_id=677#primaryimage\"},\"thumbnailUrl\":\"http:\/\/luzyfuerzacorrientes.com\/wp-content\/uploads\/2020\/09\/IMG_4384-1024x683.jpg\",\"datePublished\":\"2020-09-15T02:44:53+00:00\",\"dateModified\":\"2020-09-15T03:35:22+00:00\",\"breadcrumb\":{\"@id\":\"https:\/\/luzyfuerzacorrientes.com\/?page_id=677#breadcrumb\"},\"inLanguage\":\"es\",\"potentialAction\":[{\"@type\":\"ReadAction\",\"target\":[\"https:\/\/luzyfuerzacorrientes.com\/?page_id=677\"]}]},{\"@type\":\"ImageObject\",\"inLanguage\":\"es\",\"@id\":\"https:\/\/luzyfuerzacorrientes.com\/?page_id=677#primaryimage\",\"url\":\"https:\/\/luzyfuerzacorrientes.com\/wp-content\/uploads\/2020\/09\/IMG_4384-scaled.jpg\",\"contentUrl\":\"https:\/\/luzyfuerzacorrientes.com\/wp-content\/uploads\/2020\/09\/IMG_4384-scaled.jpg\",\"width\":2560,\"height\":1707},{\"@type\":\"BreadcrumbList\",\"@id\":\"https:\/\/luzyfuerzacorrientes.com\/?page_id=677#breadcrumb\",\"itemListElement\":[{\"@type\":\"ListItem\",\"position\":1,\"name\":\"Portada\",\"item\":\"https:\/\/luzyfuerzacorrientes.com\/\"},{\"@type\":\"ListItem\",\"position\":2,\"name\":\"Prestaciones m\u00e9dicas\"}]},{\"@type\":\"WebSite\",\"@id\":\"https:\/\/luzyfuerzacorrientes.com\/#website\",\"url\":\"https:\/\/luzyfuerzacorrientes.com\/\",\"name\":\"Sindicato de Luz y Fuerza\",\"description\":\"\",\"potentialAction\":[{\"@type\":\"SearchAction\",\"target\":{\"@type\":\"EntryPoint\",\"urlTemplate\":\"https:\/\/luzyfuerzacorrientes.com\/?s={search_term_string}\"},\"query-input\":{\"@type\":\"PropertyValueSpecification\",\"valueRequired\":true,\"valueName\":\"search_term_string\"}}],\"inLanguage\":\"es\"}]}<\/script>\n<!-- \/ Yoast SEO plugin. -->","yoast_head_json":{"title":"Prestaciones m\u00e9dicas - Sindicato de Luz y Fuerza","robots":{"index":"index","follow":"follow","max-snippet":"max-snippet:-1","max-image-preview":"max-image-preview:large","max-video-preview":"max-video-preview:-1"},"canonical":"https:\/\/luzyfuerzacorrientes.com\/?page_id=677","og_locale":"es_ES","og_type":"article","og_title":"Prestaciones m\u00e9dicas - Sindicato de Luz y Fuerza","og_description":"Laboratorio Odontolog\u00eda Medico Cl\u00ednico Kinesiolog\u00eda Psicolog\u00eda y Psiquiatria","og_url":"https:\/\/luzyfuerzacorrientes.com\/?page_id=677","og_site_name":"Sindicato de Luz y Fuerza","article_modified_time":"2020-09-15T03:35:22+00:00","og_image":[{"url":"http:\/\/luzyfuerzacorrientes.com\/wp-content\/uploads\/2020\/09\/IMG_4384-1024x683.jpg","type":"","width":"","height":""}],"twitter_card":"summary_large_image","schema":{"@context":"https:\/\/schema.org","@graph":[{"@type":"WebPage","@id":"https:\/\/luzyfuerzacorrientes.com\/?page_id=677","url":"https:\/\/luzyfuerzacorrientes.com\/?page_id=677","name":"Prestaciones m\u00e9dicas - Sindicato de Luz y Fuerza","isPartOf":{"@id":"https:\/\/luzyfuerzacorrientes.com\/#website"},"primaryImageOfPage":{"@id":"https:\/\/luzyfuerzacorrientes.com\/?page_id=677#primaryimage"},"image":{"@id":"https:\/\/luzyfuerzacorrientes.com\/?page_id=677#primaryimage"},"thumbnailUrl":"http:\/\/luzyfuerzacorrientes.com\/wp-content\/uploads\/2020\/09\/IMG_4384-1024x683.jpg","datePublished":"2020-09-15T02:44:53+00:00","dateModified":"2020-09-15T03:35:22+00:00","breadcrumb":{"@id":"https:\/\/luzyfuerzacorrientes.com\/?page_id=677#breadcrumb"},"inLanguage":"es","potentialAction":[{"@type":"ReadAction","target":["https:\/\/luzyfuerzacorrientes.com\/?page_id=677"]}]},{"@type":"ImageObject","inLanguage":"es","@id":"https:\/\/luzyfuerzacorrientes.com\/?page_id=677#primaryimage","url":"https:\/\/luzyfuerzacorrientes.com\/wp-content\/uploads\/2020\/09\/IMG_4384-scaled.jpg","contentUrl":"https:\/\/luzyfuerzacorrientes.com\/wp-content\/uploads\/2020\/09\/IMG_4384-scaled.jpg","width":2560,"height":1707},{"@type":"BreadcrumbList","@id":"https:\/\/luzyfuerzacorrientes.com\/?page_id=677#breadcrumb","itemListElement":[{"@type":"ListItem","position":1,"name":"Portada","item":"https:\/\/luzyfuerzacorrientes.com\/"},{"@type":"ListItem","position":2,"name":"Prestaciones m\u00e9dicas"}]},{"@type":"WebSite","@id":"https:\/\/luzyfuerzacorrientes.com\/#website","url":"https:\/\/luzyfuerzacorrientes.com\/","name":"Sindicato de Luz y Fuerza","description":"","potentialAction":[{"@type":"SearchAction","target":{"@type":"EntryPoint","urlTemplate":"https:\/\/luzyfuerzacorrientes.com\/?s={search_term_string}"},"query-input":{"@type":"PropertyValueSpecification","valueRequired":true,"valueName":"search_term_string"}}],"inLanguage":"es"}]}},"_links":{"self":[{"href":"https:\/\/luzyfuerzacorrientes.com\/index.php?rest_route=\/wp\/v2\/pages\/677","targetHints":{"allow":["GET"]}}],"collection":[{"href":"https:\/\/luzyfuerzacorrientes.com\/index.php?rest_route=\/wp\/v2\/pages"}],"about":[{"href":"https:\/\/luzyfuerzacorrientes.com\/index.php?rest_route=\/wp\/v2\/types\/page"}],"author":[{"embeddable":true,"href":"https:\/\/luzyfuerzacorrientes.com\/index.php?rest_route=\/wp\/v2\/users\/1"}],"replies":[{"embeddable":true,"href":"https:\/\/luzyfuerzacorrientes.com\/index.php?rest_route=%2Fwp%2Fv2%2Fcomments&post=677"}],"version-history":[{"count":3,"href":"https:\/\/luzyfuerzacorrientes.com\/index.php?rest_route=\/wp\/v2\/pages\/677\/revisions"}],"predecessor-version":[{"id":706,"href":"https:\/\/luzyfuerzacorrientes.com\/index.php?rest_route=\/wp\/v2\/pages\/677\/revisions\/706"}],"wp:attachment":[{"href":"https:\/\/luzyfuerzacorrientes.com\/index.php?rest_route=%2Fwp%2Fv2%2Fmedia&parent=677"}],"curies":[{"name":"wp","href":"https:\/\/api.w.org\/{rel}","templated":true}]}}